{"id":67,"date":"2024-11-15T10:29:02","date_gmt":"2024-11-15T10:29:02","guid":{"rendered":"https:\/\/naughty-ishizaka.213-232-232-247.plesk.page\/?page_id=67"},"modified":"2024-11-20T12:13:20","modified_gmt":"2024-11-20T12:13:20","slug":"inicio","status":"publish","type":"page","link":"https:\/\/naughty-ishizaka.213-232-232-247.plesk.page\/","title":{"rendered":"Inicio"},"content":{"rendered":"<p>[et_pb_section fb_built=\u00bb1&#8243; _builder_version=\u00bb4.27.3&#8243; _module_preset=\u00bbdefault\u00bb background_image=\u00bbhttps:\/\/naughty-ishizaka.213-232-232-247.plesk.page\/wp-content\/uploads\/2024\/11\/fontaneros-en-tenerife-1.jpg\u00bb global_colors_info=\u00bb{}\u00bb][et_pb_row custom_padding_last_edited=\u00bbon|tablet\u00bb _builder_version=\u00bb4.27.3&#8243; _module_preset=\u00bbdefault\u00bb width=\u00bb100%\u00bb max_width=\u00bb100%\u00bb custom_margin=\u00bb50px||250px||false|false\u00bb custom_margin_tablet=\u00bb25px||125px||false|false\u00bb custom_margin_phone=\u00bb25px||125px||false|false\u00bb custom_margin_last_edited=\u00bbon|phone\u00bb custom_padding=\u00bb|||100px|false|false\u00bb custom_padding_tablet=\u00bb|0px||0px|false|false\u00bb custom_padding_phone=\u00bb|0px||0px|false|false\u00bb global_colors_info=\u00bb{}\u00bb][et_pb_column type=\u00bb4_4&#8243; _builder_version=\u00bb4.27.3&#8243; _module_preset=\u00bbdefault\u00bb global_colors_info=\u00bb{}\u00bb][et_pb_text _builder_version=\u00bb4.27.3&#8243; _module_preset=\u00bbdefault\u00bb header_font=\u00bbPoppins|300|||||||\u00bb header_text_color=\u00bb#FFFFFF\u00bb header_font_size=\u00bb75px\u00bb header_line_height=\u00bb1.3em\u00bb background_color=\u00bbrgba(0,0,0,0.7)\u00bb max_width=\u00bb700px\u00bb max_width_tablet=\u00bb90%\u00bb max_width_phone=\u00bb90%\u00bb max_width_last_edited=\u00bbon|desktop\u00bb animation_style=\u00bbzoom\u00bb header_text_align_tablet=\u00bbcenter\u00bb header_text_align_phone=\u00bbcenter\u00bb header_text_align_last_edited=\u00bbon|tablet\u00bb header_font_size_tablet=\u00bb75px\u00bb header_font_size_phone=\u00bb45px\u00bb header_font_size_last_edited=\u00bbon|phone\u00bb module_alignment_tablet=\u00bbcenter\u00bb module_alignment_phone=\u00bbcenter\u00bb module_alignment_last_edited=\u00bbon|tablet\u00bb global_colors_info=\u00bb{}\u00bb]<\/p>\n<h1>FONTANEROS EN <strong>TENERIFE<\/strong><\/h1>\n<p>[\/et_pb_text][et_pb_button button_url=\u00bbhttps:\/\/naughty-ishizaka.213-232-232-247.plesk.page\/index.php\/contacto\/\u00bb url_new_window=\u00bbon\u00bb button_text=\u00bbCONTACTA CON NOSOSTROS\u00bb button_alignment_tablet=\u00bbcenter\u00bb button_alignment_phone=\u00bbcenter\u00bb button_alignment_last_edited=\u00bbon|tablet\u00bb _builder_version=\u00bb4.27.3&#8243; _module_preset=\u00bbdefault\u00bb custom_button=\u00bbon\u00bb button_text_size=\u00bb16px\u00bb button_text_color=\u00bb#FFFFFF\u00bb button_bg_color=\u00bb#1469ab\u00bb button_border_width=\u00bb0px\u00bb button_letter_spacing=\u00bb1px\u00bb button_font=\u00bbPoppins|600|||||||\u00bb button_icon=\u00bb&#x45;||divi||400&#8243; button_icon_color=\u00bb#FFFFFF\u00bb global_colors_info=\u00bb{}\u00bb][\/et_pb_button][\/et_pb_column][\/et_pb_row][\/et_pb_section][et_pb_section fb_built=\u00bb1&#8243; make_equal=\u00bbon\u00bb use_custom_gutter=\u00bbon\u00bb gutter_width=\u00bb1&#8243; specialty=\u00bbon\u00bb use_background_color_gradient_1=\u00bbon\u00bb background_color_gradient_direction_1=\u00bb90deg\u00bb background_color_gradient_stops_1=\u00bbrgba(0,18,42,0.03) 50%|rgba(0,18,42,0.03) 100%\u00bb background_color_gradient_start_position_1=\u00bb50%\u00bb padding_right_1=\u00bb50px\u00bb padding_left_1=\u00bb50px\u00bb padding_top_bottom_link_1=\u00bbfalse\u00bb padding_left_right_link_1=\u00bbtrue\u00bb padding_1_tablet=\u00bb|25px||25px|false|true\u00bb padding_1_phone=\u00bb|25px||25px|false|true\u00bb padding_1_last_edited=\u00bbon|desktop\u00bb _builder_version=\u00bb4.27.3&#8243; _module_preset=\u00bbdefault\u00bb inner_max_width=\u00bb80%\u00bb custom_padding=\u00bb|||||false\u00bb global_colors_info=\u00bb{}\u00bb][et_pb_column type=\u00bb1_2&#8243; _builder_version=\u00bb4.16&#8243; custom_padding=\u00bb|||\u00bb global_colors_info=\u00bb{}\u00bb custom_padding__hover=\u00bb|||\u00bb][et_pb_text _builder_version=\u00bb4.27.3&#8243; _module_preset=\u00bbdefault\u00bb text_font=\u00bbPoppins||||||||\u00bb text_text_color=\u00bb#333333&#8243; text_font_size=\u00bb16px\u00bb text_line_height=\u00bb2em\u00bb header_2_font=\u00bbPoppins|600|||||||\u00bb header_2_text_align=\u00bbleft\u00bb header_2_text_color=\u00bb#1469ab\u00bb header_2_font_size=\u00bb35px\u00bb header_2_line_height=\u00bb1.4em\u00bb header_3_font=\u00bbPoppins|600|||||||\u00bb header_3_text_align=\u00bbleft\u00bb header_3_text_color=\u00bb#ff8656&#8243; header_3_line_height=\u00bb1.8em\u00bb text_font_size_tablet=\u00bb16px\u00bb text_font_size_phone=\u00bb16px\u00bb text_font_size_last_edited=\u00bbon|phone\u00bb header_2_font_size_tablet=\u00bb35px\u00bb header_2_font_size_phone=\u00bb30px\u00bb header_2_font_size_last_edited=\u00bbon|desktop\u00bb header_3_font_size_tablet=\u00bb\u00bb header_3_font_size_phone=\u00bb20px\u00bb header_3_font_size_last_edited=\u00bbon|phone\u00bb global_colors_info=\u00bb{}\u00bb]<\/p>\n<h2><strong>\u00a1Fontaneros 24 horas en Tenerife! Servicio r\u00e1pido y profesional<\/strong><\/h2>\n<h3><strong>Expertos en localizaci\u00f3n de fugas, desatascos y reparaciones de fontaner\u00eda<\/strong><\/h3>\n<p>En Tinerfe Fontaneros, somos expertos en localizaci\u00f3n de fugas de agua, desatascos y reparaciones generales. Ofrecemos servicio 24 horas, todos los d\u00edas del a\u00f1o, para resolver cualquier urgencia en tu hogar o negocio en Tenerife. Contamos con un equipo altamente cualificado que se desplaza r\u00e1pidamente para solucionar problemas de fontaner\u00eda, garantizando un servicio eficaz y asequible.<\/p>\n<p>\u00bfTienes una emergencia? \u00a1Ll\u00e1manos ahora!<\/p>\n<p><strong>Tel\u00e9fono: 646 628 260<\/strong><\/p>\n<p>[\/et_pb_text][\/et_pb_column][et_pb_column type=\u00bb1_2&#8243; specialty_columns=\u00bb2&#8243; _builder_version=\u00bb4.16&#8243; custom_padding=\u00bb|||\u00bb global_colors_info=\u00bb{}\u00bb custom_padding__hover=\u00bb|||\u00bb][et_pb_row_inner _builder_version=\u00bb4.27.3&#8243; _module_preset=\u00bbdefault\u00bb custom_margin_tablet=\u00bb50px||||false|false\u00bb custom_margin_phone=\u00bb50px||||false|false\u00bb custom_margin_last_edited=\u00bbon|tablet\u00bb custom_padding=\u00bb25px|35px|25px|35px|true|true\u00bb animation_style=\u00bbslide\u00bb box_shadow_style=\u00bbpreset1&#8243; box_shadow_vertical=\u00bb12px\u00bb box_shadow_blur=\u00bb110px\u00bb box_shadow_spread=\u00bb-6px\u00bb box_shadow_color=\u00bbrgba(0,0,0,0.1)\u00bb global_colors_info=\u00bb{}\u00bb][et_pb_column_inner saved_specialty_column_type=\u00bb1_2&#8243; _builder_version=\u00bb4.27.3&#8243; _module_preset=\u00bbdefault\u00bb global_colors_info=\u00bb{}\u00bb][et_pb_blurb title=\u00bbLocalizaci\u00f3n de fugas de agua\u00bb image=\u00bbhttps:\/\/naughty-ishizaka.213-232-232-247.plesk.page\/wp-content\/uploads\/2024\/11\/fontaneros-en-tenerife-2.png\u00bb alt=\u00bbFontaneros en Tenerife\u00bb icon_placement=\u00bbleft\u00bb image_icon_width=\u00bb75px\u00bb _builder_version=\u00bb4.27.3&#8243; _module_preset=\u00bbdefault\u00bb header_font=\u00bbPoppins|600|||||||\u00bb header_font_size=\u00bb16px\u00bb header_line_height=\u00bb1.4em\u00bb body_font=\u00bbPoppins|600|||||||\u00bb body_font_size=\u00bb16px\u00bb body_line_height=\u00bb1.4em\u00bb custom_margin=\u00bb||10px||false|false\u00bb custom_padding=\u00bb0px|0px|0px|0px|false|false\u00bb global_colors_info=\u00bb{}\u00bb]<\/p>\n<p>Especialistas en localizaci\u00f3n de fugas de agua.<\/p>\n<p>[\/et_pb_blurb][et_pb_button button_url=\u00bbhttps:\/\/naughty-ishizaka.213-232-232-247.plesk.page\/index.php\/localizacion-de-fugas\/\u00bb url_new_window=\u00bbon\u00bb button_text=\u00bbM\u00c1S INFORMACI\u00d3N\u00bb button_alignment=\u00bbcenter\u00bb _builder_version=\u00bb4.27.3&#8243; _module_preset=\u00bbdefault\u00bb custom_button=\u00bbon\u00bb button_text_size=\u00bb14px\u00bb button_text_color=\u00bb#1469ab\u00bb button_border_width=\u00bb0px\u00bb button_border_radius=\u00bb3px\u00bb button_letter_spacing=\u00bb1px\u00bb button_font=\u00bbPoppins|600|||||||\u00bb button_icon=\u00bb&#x45;||divi||400&#8243; custom_padding=\u00bb0px|0px|0px|0px|false|false\u00bb global_colors_info=\u00bb{}\u00bb button_bg_color__hover_enabled=\u00bbon|hover\u00bb button_bg_color__hover=\u00bb\u00bb button_bg_enable_color__hover=\u00bboff\u00bb][\/et_pb_button][\/et_pb_column_inner][\/et_pb_row_inner][et_pb_row_inner _builder_version=\u00bb4.27.3&#8243; _module_preset=\u00bbdefault\u00bb custom_padding=\u00bb25px|35px|25px|35px|true|true\u00bb animation_style=\u00bbslide\u00bb box_shadow_style=\u00bbpreset1&#8243; box_shadow_vertical=\u00bb12px\u00bb box_shadow_blur=\u00bb110px\u00bb box_shadow_spread=\u00bb-6px\u00bb box_shadow_color=\u00bbrgba(0,0,0,0.1)\u00bb global_colors_info=\u00bb{}\u00bb][et_pb_column_inner saved_specialty_column_type=\u00bb1_2&#8243; _builder_version=\u00bb4.27.3&#8243; _module_preset=\u00bbdefault\u00bb global_colors_info=\u00bb{}\u00bb][et_pb_blurb title=\u00bbDesatascos\u00bb image=\u00bbhttps:\/\/naughty-ishizaka.213-232-232-247.plesk.page\/wp-content\/uploads\/2024\/11\/fontaneros-en-tenerife-3.png\u00bb alt=\u00bbFontaneros en Tenerife\u00bb icon_placement=\u00bbleft\u00bb image_icon_width=\u00bb75px\u00bb _builder_version=\u00bb4.27.3&#8243; _module_preset=\u00bbdefault\u00bb header_font=\u00bbPoppins|600|||||||\u00bb header_font_size=\u00bb16px\u00bb header_line_height=\u00bb1.4em\u00bb body_font=\u00bbPoppins|600|||||||\u00bb body_font_size=\u00bb16px\u00bb body_line_height=\u00bb1.4em\u00bb custom_margin=\u00bb||10px||false|false\u00bb custom_padding=\u00bb0px|0px|0px|0px|false|false\u00bb global_colors_info=\u00bb{}\u00bb]<\/p>\n<p>Servicios de desatasco para todo tipo de tuber\u00edas y desag\u00fces.<\/p>\n<p>[\/et_pb_blurb][et_pb_button button_url=\u00bbhttps:\/\/naughty-ishizaka.213-232-232-247.plesk.page\/index.php\/desatascos\/\u00bb url_new_window=\u00bbon\u00bb button_text=\u00bbM\u00c1S INFORMACI\u00d3N\u00bb button_alignment=\u00bbcenter\u00bb _builder_version=\u00bb4.27.3&#8243; _module_preset=\u00bbdefault\u00bb custom_button=\u00bbon\u00bb button_text_size=\u00bb14px\u00bb button_text_color=\u00bb#1469ab\u00bb button_border_width=\u00bb0px\u00bb button_border_radius=\u00bb3px\u00bb button_letter_spacing=\u00bb1px\u00bb button_font=\u00bbPoppins|600|||||||\u00bb button_icon=\u00bb&#x45;||divi||400&#8243; custom_padding=\u00bb0px|0px|0px|0px|false|false\u00bb global_colors_info=\u00bb{}\u00bb button_bg_color__hover_enabled=\u00bbon|hover\u00bb button_bg_color__hover=\u00bb\u00bb button_bg_enable_color__hover=\u00bboff\u00bb][\/et_pb_button][\/et_pb_column_inner][\/et_pb_row_inner][et_pb_row_inner _builder_version=\u00bb4.27.3&#8243; _module_preset=\u00bbdefault\u00bb custom_padding=\u00bb25px|35px|25px|35px|true|true\u00bb animation_style=\u00bbslide\u00bb box_shadow_style=\u00bbpreset1&#8243; box_shadow_vertical=\u00bb12px\u00bb box_shadow_blur=\u00bb110px\u00bb box_shadow_spread=\u00bb-6px\u00bb box_shadow_color=\u00bbrgba(0,0,0,0.1)\u00bb global_colors_info=\u00bb{}\u00bb][et_pb_column_inner saved_specialty_column_type=\u00bb1_2&#8243; _builder_version=\u00bb4.27.3&#8243; _module_preset=\u00bbdefault\u00bb global_colors_info=\u00bb{}\u00bb][et_pb_blurb title=\u00bbReparaciones generales\u00bb image=\u00bbhttps:\/\/naughty-ishizaka.213-232-232-247.plesk.page\/wp-content\/uploads\/2024\/11\/fontaneros-en-tenerife-4.png\u00bb alt=\u00bbFontaneros en Tenerife\u00bb icon_placement=\u00bbleft\u00bb image_icon_width=\u00bb75px\u00bb _builder_version=\u00bb4.27.3&#8243; _module_preset=\u00bbdefault\u00bb header_font=\u00bbPoppins|600|||||||\u00bb header_font_size=\u00bb16px\u00bb header_line_height=\u00bb1.4em\u00bb body_font=\u00bbPoppins|600|||||||\u00bb body_font_size=\u00bb16px\u00bb body_line_height=\u00bb1.4em\u00bb custom_margin=\u00bb||10px||false|false\u00bb custom_padding=\u00bb0px|0px|0px|0px|false|false\u00bb global_colors_info=\u00bb{}\u00bb]<\/p>\n<p>Mantenimiento de cisternas, reparaci\u00f3n de grifos, instalaci\u00f3n de termos&#8230;<\/p>\n<p>[\/et_pb_blurb][et_pb_button button_url=\u00bbhttps:\/\/naughty-ishizaka.213-232-232-247.plesk.page\/index.php\/reparaciones-generales\/\u00bb url_new_window=\u00bbon\u00bb button_text=\u00bbM\u00c1S INFORMACI\u00d3N\u00bb button_alignment=\u00bbcenter\u00bb _builder_version=\u00bb4.27.3&#8243; _module_preset=\u00bbdefault\u00bb custom_button=\u00bbon\u00bb button_text_size=\u00bb14px\u00bb button_text_color=\u00bb#1469ab\u00bb button_border_width=\u00bb0px\u00bb button_border_radius=\u00bb3px\u00bb button_letter_spacing=\u00bb1px\u00bb button_font=\u00bbPoppins|600|||||||\u00bb button_icon=\u00bb&#x45;||divi||400&#8243; custom_padding=\u00bb0px|0px|0px|0px|false|false\u00bb global_colors_info=\u00bb{}\u00bb button_bg_color__hover_enabled=\u00bbon|hover\u00bb button_bg_color__hover=\u00bb\u00bb button_bg_enable_color__hover=\u00bboff\u00bb][\/et_pb_button][\/et_pb_column_inner][\/et_pb_row_inner][et_pb_row_inner _builder_version=\u00bb4.27.3&#8243; _module_preset=\u00bbdefault\u00bb custom_padding=\u00bb25px|35px|25px|35px|true|true\u00bb animation_style=\u00bbslide\u00bb box_shadow_style=\u00bbpreset1&#8243; box_shadow_vertical=\u00bb12px\u00bb box_shadow_blur=\u00bb110px\u00bb box_shadow_spread=\u00bb-6px\u00bb box_shadow_color=\u00bbrgba(0,0,0,0.1)\u00bb global_colors_info=\u00bb{}\u00bb][et_pb_column_inner saved_specialty_column_type=\u00bb1_2&#8243; _builder_version=\u00bb4.27.3&#8243; _module_preset=\u00bbdefault\u00bb global_colors_info=\u00bb{}\u00bb][et_pb_blurb title=\u00bbInstalaciones y peque\u00f1as reformas\u00bb image=\u00bbhttps:\/\/naughty-ishizaka.213-232-232-247.plesk.page\/wp-content\/uploads\/2024\/11\/fontaneros-en-tenerife-5.png\u00bb alt=\u00bbFontaneros en Tenerife\u00bb icon_placement=\u00bbleft\u00bb image_icon_width=\u00bb75px\u00bb _builder_version=\u00bb4.27.3&#8243; _module_preset=\u00bbdefault\u00bb header_font=\u00bbPoppins|600|||||||\u00bb header_font_size=\u00bb16px\u00bb header_line_height=\u00bb1.4em\u00bb body_font=\u00bbPoppins|600|||||||\u00bb body_font_size=\u00bb16px\u00bb body_line_height=\u00bb1.4em\u00bb custom_margin=\u00bb||10px||false|false\u00bb custom_padding=\u00bb0px|0px|0px|0px|false|false\u00bb global_colors_info=\u00bb{}\u00bb]<\/p>\n<p>Cambio de tuber\u00edas y desag\u00fces, peque\u00f1as reformas de alba\u00f1iler\u00eda y pintura.<\/p>\n<p>[\/et_pb_blurb][et_pb_button button_url=\u00bbhttps:\/\/naughty-ishizaka.213-232-232-247.plesk.page\/index.php\/instalaciones-y-pequenas-reformas\/\u00bb url_new_window=\u00bbon\u00bb button_text=\u00bbM\u00c1S INFORMACI\u00d3N\u00bb button_alignment=\u00bbcenter\u00bb _builder_version=\u00bb4.27.3&#8243; _module_preset=\u00bbdefault\u00bb custom_button=\u00bbon\u00bb button_text_size=\u00bb14px\u00bb button_text_color=\u00bb#1469ab\u00bb button_border_width=\u00bb0px\u00bb button_border_radius=\u00bb3px\u00bb button_letter_spacing=\u00bb1px\u00bb button_font=\u00bbPoppins|600|||||||\u00bb button_icon=\u00bb&#x45;||divi||400&#8243; custom_padding=\u00bb0px|0px|0px|0px|false|false\u00bb button_bg_color_tablet=\u00bb\u00bb button_bg_color_phone=\u00bb\u00bb button_bg_color_last_edited=\u00bbon|desktop\u00bb global_colors_info=\u00bb{}\u00bb button_bg_color__hover_enabled=\u00bbon|hover\u00bb button_bg_color__hover=\u00bb\u00bb button_bg_enable_color__hover=\u00bboff\u00bb][\/et_pb_button][\/et_pb_column_inner][\/et_pb_row_inner][\/et_pb_column][\/et_pb_section]<\/p>\n","protected":false},"excerpt":{"rendered":"<p>FONTANEROS EN TENERIFE\u00a1Fontaneros 24 horas en Tenerife! Servicio r\u00e1pido y profesional Expertos en localizaci\u00f3n de fugas, desatascos y reparaciones de fontaner\u00eda En Tinerfe Fontaneros, somos expertos en localizaci\u00f3n de fugas de agua, desatascos y reparaciones generales. Ofrecemos servicio 24 horas, todos los d\u00edas del a\u00f1o, para resolver cualquier urgencia en tu hogar o negocio en [&hellip;]<\/p>\n","protected":false},"author":1,"featured_media":0,"parent":0,"menu_order":0,"comment_status":"closed","ping_status":"closed","template":"","meta":{"_et_pb_use_builder":"on","_et_pb_old_content":"","_et_gb_content_width":"","footnotes":""},"class_list":["post-67","page","type-page","status-publish","hentry"],"yoast_head":"<!-- This site is optimized with the Yoast SEO plugin v23.9 - https:\/\/yoast.com\/wordpress\/plugins\/seo\/ -->\n<title>Fontaneros en Tenerife - Tinerfe 7 Fontaneros<\/title>\n<meta name=\"description\" content=\"Fontaneros en Tenerife. Localizaci\u00f3n de fugas. Desatascos. Reparaci\u00f3n de cisternas, inodoros, desag\u00fces. Instalaci\u00f3n de grifer\u00edas. 646 628 260\" \/>\n<meta name=\"robots\" content=\"noindex, follow, max-snippet:-1, max-image-preview:large, max-video-preview:-1\" \/>\n<meta property=\"og:locale\" content=\"es_ES\" \/>\n<meta property=\"og:type\" content=\"article\" \/>\n<meta property=\"og:title\" content=\"Fontaneros en Tenerife - Tinerfe 7 Fontaneros\" \/>\n<meta property=\"og:description\" content=\"Fontaneros en Tenerife. Localizaci\u00f3n de fugas. Desatascos. Reparaci\u00f3n de cisternas, inodoros, desag\u00fces. Instalaci\u00f3n de grifer\u00edas. 646 628 260\" \/>\n<meta property=\"og:url\" content=\"https:\/\/naughty-ishizaka.213-232-232-247.plesk.page\/\" \/>\n<meta property=\"og:site_name\" content=\"Tinerfe 7 Fontaneros\" \/>\n<meta property=\"article:modified_time\" content=\"2024-11-20T12:13:20+00:00\" \/>\n<meta name=\"twitter:card\" content=\"summary_large_image\" \/>\n<meta name=\"twitter:label1\" content=\"Tiempo de lectura\" \/>\n\t<meta name=\"twitter:data1\" content=\"2 minutos\" \/>\n<script type=\"application\/ld+json\" class=\"yoast-schema-graph\">{\"@context\":\"https:\/\/schema.org\",\"@graph\":[{\"@type\":\"WebPage\",\"@id\":\"https:\/\/naughty-ishizaka.213-232-232-247.plesk.page\/\",\"url\":\"https:\/\/naughty-ishizaka.213-232-232-247.plesk.page\/\",\"name\":\"Fontaneros en Tenerife - Tinerfe 7 Fontaneros\",\"isPartOf\":{\"@id\":\"https:\/\/naughty-ishizaka.213-232-232-247.plesk.page\/#website\"},\"datePublished\":\"2024-11-15T10:29:02+00:00\",\"dateModified\":\"2024-11-20T12:13:20+00:00\",\"description\":\"Fontaneros en Tenerife. Localizaci\u00f3n de fugas. Desatascos. Reparaci\u00f3n de cisternas, inodoros, desag\u00fces. Instalaci\u00f3n de grifer\u00edas. 646 628 260\",\"breadcrumb\":{\"@id\":\"https:\/\/naughty-ishizaka.213-232-232-247.plesk.page\/#breadcrumb\"},\"inLanguage\":\"es\",\"potentialAction\":[{\"@type\":\"ReadAction\",\"target\":[\"https:\/\/naughty-ishizaka.213-232-232-247.plesk.page\/\"]}]},{\"@type\":\"BreadcrumbList\",\"@id\":\"https:\/\/naughty-ishizaka.213-232-232-247.plesk.page\/#breadcrumb\",\"itemListElement\":[{\"@type\":\"ListItem\",\"position\":1,\"name\":\"Portada\",\"item\":\"https:\/\/naughty-ishizaka.213-232-232-247.plesk.page\/\"},{\"@type\":\"ListItem\",\"position\":2,\"name\":\"Inicio\"}]},{\"@type\":\"WebSite\",\"@id\":\"https:\/\/naughty-ishizaka.213-232-232-247.plesk.page\/#website\",\"url\":\"https:\/\/naughty-ishizaka.213-232-232-247.plesk.page\/\",\"name\":\"Tinerfe 7 Fontaneros\",\"description\":\"\",\"potentialAction\":[{\"@type\":\"SearchAction\",\"target\":{\"@type\":\"EntryPoint\",\"urlTemplate\":\"https:\/\/naughty-ishizaka.213-232-232-247.plesk.page\/?s={search_term_string}\"},\"query-input\":{\"@type\":\"PropertyValueSpecification\",\"valueRequired\":true,\"valueName\":\"search_term_string\"}}],\"inLanguage\":\"es\"}]}<\/script>\n<!-- \/ Yoast SEO plugin. -->","yoast_head_json":{"title":"Fontaneros en Tenerife - Tinerfe 7 Fontaneros","description":"Fontaneros en Tenerife. Localizaci\u00f3n de fugas. Desatascos. Reparaci\u00f3n de cisternas, inodoros, desag\u00fces. Instalaci\u00f3n de grifer\u00edas. 646 628 260","robots":{"index":"noindex","follow":"follow","max-snippet":"max-snippet:-1","max-image-preview":"max-image-preview:large","max-video-preview":"max-video-preview:-1"},"og_locale":"es_ES","og_type":"article","og_title":"Fontaneros en Tenerife - Tinerfe 7 Fontaneros","og_description":"Fontaneros en Tenerife. Localizaci\u00f3n de fugas. Desatascos. Reparaci\u00f3n de cisternas, inodoros, desag\u00fces. Instalaci\u00f3n de grifer\u00edas. 646 628 260","og_url":"https:\/\/naughty-ishizaka.213-232-232-247.plesk.page\/","og_site_name":"Tinerfe 7 Fontaneros","article_modified_time":"2024-11-20T12:13:20+00:00","twitter_card":"summary_large_image","twitter_misc":{"Tiempo de lectura":"2 minutos"},"schema":{"@context":"https:\/\/schema.org","@graph":[{"@type":"WebPage","@id":"https:\/\/naughty-ishizaka.213-232-232-247.plesk.page\/","url":"https:\/\/naughty-ishizaka.213-232-232-247.plesk.page\/","name":"Fontaneros en Tenerife - Tinerfe 7 Fontaneros","isPartOf":{"@id":"https:\/\/naughty-ishizaka.213-232-232-247.plesk.page\/#website"},"datePublished":"2024-11-15T10:29:02+00:00","dateModified":"2024-11-20T12:13:20+00:00","description":"Fontaneros en Tenerife. Localizaci\u00f3n de fugas. Desatascos. Reparaci\u00f3n de cisternas, inodoros, desag\u00fces. Instalaci\u00f3n de grifer\u00edas. 646 628 260","breadcrumb":{"@id":"https:\/\/naughty-ishizaka.213-232-232-247.plesk.page\/#breadcrumb"},"inLanguage":"es","potentialAction":[{"@type":"ReadAction","target":["https:\/\/naughty-ishizaka.213-232-232-247.plesk.page\/"]}]},{"@type":"BreadcrumbList","@id":"https:\/\/naughty-ishizaka.213-232-232-247.plesk.page\/#breadcrumb","itemListElement":[{"@type":"ListItem","position":1,"name":"Portada","item":"https:\/\/naughty-ishizaka.213-232-232-247.plesk.page\/"},{"@type":"ListItem","position":2,"name":"Inicio"}]},{"@type":"WebSite","@id":"https:\/\/naughty-ishizaka.213-232-232-247.plesk.page\/#website","url":"https:\/\/naughty-ishizaka.213-232-232-247.plesk.page\/","name":"Tinerfe 7 Fontaneros","description":"","potentialAction":[{"@type":"SearchAction","target":{"@type":"EntryPoint","urlTemplate":"https:\/\/naughty-ishizaka.213-232-232-247.plesk.page\/?s={search_term_string}"},"query-input":{"@type":"PropertyValueSpecification","valueRequired":true,"valueName":"search_term_string"}}],"inLanguage":"es"}]}},"_links":{"self":[{"href":"https:\/\/naughty-ishizaka.213-232-232-247.plesk.page\/index.php\/wp-json\/wp\/v2\/pages\/67","targetHints":{"allow":["GET"]}}],"collection":[{"href":"https:\/\/naughty-ishizaka.213-232-232-247.plesk.page\/index.php\/wp-json\/wp\/v2\/pages"}],"about":[{"href":"https:\/\/naughty-ishizaka.213-232-232-247.plesk.page\/index.php\/wp-json\/wp\/v2\/types\/page"}],"author":[{"embeddable":true,"href":"https:\/\/naughty-ishizaka.213-232-232-247.plesk.page\/index.php\/wp-json\/wp\/v2\/users\/1"}],"replies":[{"embeddable":true,"href":"https:\/\/naughty-ishizaka.213-232-232-247.plesk.page\/index.php\/wp-json\/wp\/v2\/comments?post=67"}],"version-history":[{"count":80,"href":"https:\/\/naughty-ishizaka.213-232-232-247.plesk.page\/index.php\/wp-json\/wp\/v2\/pages\/67\/revisions"}],"predecessor-version":[{"id":622,"href":"https:\/\/naughty-ishizaka.213-232-232-247.plesk.page\/index.php\/wp-json\/wp\/v2\/pages\/67\/revisions\/622"}],"wp:attachment":[{"href":"https:\/\/naughty-ishizaka.213-232-232-247.plesk.page\/index.php\/wp-json\/wp\/v2\/media?parent=67"}],"curies":[{"name":"wp","href":"https:\/\/api.w.org\/{rel}","templated":true}]}}