{"id":592,"date":"2024-11-20T07:23:54","date_gmt":"2024-11-20T07:23:54","guid":{"rendered":"https:\/\/naughty-ishizaka.213-232-232-247.plesk.page\/?page_id=592"},"modified":"2024-11-22T07:34:05","modified_gmt":"2024-11-22T07:34:05","slug":"aviso-legal","status":"publish","type":"page","link":"https:\/\/naughty-ishizaka.213-232-232-247.plesk.page\/index.php\/aviso-legal\/","title":{"rendered":"Aviso Legal"},"content":{"rendered":"<p>[et_pb_section fb_built=\u00bb1&#8243; _builder_version=\u00bb4.27.2&#8243; _module_preset=\u00bbdefault\u00bb custom_padding=\u00bb0px||0px||false|false\u00bb global_colors_info=\u00bb{}\u00bb][et_pb_row _builder_version=\u00bb4.27.2&#8243; _module_preset=\u00bbdefault\u00bb global_colors_info=\u00bb{}\u00bb][et_pb_column type=\u00bb4_4&#8243; _builder_version=\u00bb4.27.2&#8243; _module_preset=\u00bbdefault\u00bb global_colors_info=\u00bb{}\u00bb][et_pb_text _builder_version=\u00bb4.27.3&#8243; _module_preset=\u00bb_initial\u00bb text_text_color=\u00bb#333333&#8243; header_text_color=\u00bb#333333&#8243; header_2_font_size=\u00bb24px\u00bb hover_enabled=\u00bb0&#8243; border_color_top=\u00bb#8e1b28&#8243; global_colors_info=\u00bb{}\u00bb header_3_font_size=\u00bb20px\u00bb sticky_enabled=\u00bb0&#8243;]<\/p>\n<h1>Aviso legal<\/h1>\n<p>&nbsp;<\/p>\n<h2>1 LEY DE SERVICIOS DE LA SOCIEDAD DE LA INFORMACI\u00d3N Y COMERCIO ELECTR\u00d3NICO<\/h2>\n<p>En cumplimiento de lo dispuesto en el art. 10 de la Ley 34\/2002 de 11 de julio de Servicios de la Sociedad de la Informaci\u00f3n (L.S.S.I.) , se da a conocer la siguiente Informaci\u00f3n General:<\/p>\n<p>Que el dominio <a href=\"http:\/\/www.tinerfe7fontaneros.com\">www.tinerfe7fontaneros.com<\/a>\u00a0a partir de ahora Sitio Web est\u00e1 registrado a nombre de TOMAS PERERA MELIAN con domicilio social en \u00a0CALLE CALVARIO N\u00ba 74 &#8211; A , 38350 &#8211; Cantiillo, el (Tacoronte) (Santa Cruz de Tenerife); sociedad inscrita en el Registro Mercantil de Tomo , de la secci\u00f3n , Folio , Hoja , inscripci\u00f3n primera, provista de CIF 43611262L, a partir de ahora EL TITULAR<\/p>\n<p>&nbsp;<\/p>\n<h2>2 CONDICIONES DE USO<\/h2>\n<h3>I.- USUARIOS\/AS<\/h3>\n<p>El acceso y\/o uso del Sitio Web <a href=\"http:\/\/www.tinerfe7fontaneros.com\">www.tinerfe7fontaneros.com<\/a>, atribuye a quien lo realiza la condici\u00f3n de usuario\/a, aceptando, desde ese mismo momento, plenamente y sin reserva alguna, las presentes condiciones generales, as\u00ed como las condiciones particulares que, en su caso, complementen, modifiquen o sustituyan las condiciones generales en relaci\u00f3n con determinados servicios y contenidos del Sitio Web.<\/p>\n<h3>II.- USO DEL Sitio Web, SUS SERVICIOS Y CONTENIDOS<\/h3>\n<p>El\/la usuario\/a se compromete a utilizar el Sitio Web y sus servicios y contenidos sin contravenir la legislaci\u00f3n vigente, la buena fe, los usos generalmente aceptados y el orden p\u00fablico.<\/p>\n<p>As\u00ed mismo, queda prohibido el uso de la Web con fines il\u00edcitos o lesivos contra EL TITULAR o cualquier\/a tercero\/a, o que, de cualquier forma, puedan causar perjuicio o impedir el normal funcionamiento del Sitio Web.<\/p>\n<p>Respecto de los contenidos (informaciones, textos, gr\u00e1ficos, archivos de sonido y\/o imagen, fotograf\u00edas, dise\u00f1os, etc.), se proh\u00edbe:<\/p>\n<ul>\n<li>Su reproducci\u00f3n, distribuci\u00f3n o modificaci\u00f3n, a menos que se cuente con la autorizaci\u00f3n de sus leg\u00edtimos\/as titulares o resulte legalmente permitido.<\/li>\n<li>Cualquier vulneraci\u00f3n de los derechos de EL TITULAR o de sus leg\u00edtimos\/as titulares sobre los mismos.<\/li>\n<li>Su utilizaci\u00f3n para todo tipo de fines comerciales o publicitarios, distintos de los estrictamente permitidos.<\/li>\n<li>Cualquier intento de obtener los contenidos del Sitio Web por cualquier medio distinto de los que se pongan a disposici\u00f3n de los\/las usuarios\/as as\u00ed como de los que habitualmente se empleen en la red, siempre que no causen perjuicio alguno a la<\/li>\n<\/ul>\n<h3>III.- MODIFICACI\u00d3N UNILATERAL<\/h3>\n<p>EL TITULAR podr\u00e1 modificar unilateralmente y sin previo aviso, siempre que lo considere oportuno, la estructura y dise\u00f1o del Sitio Web, as\u00ed como modificar o eliminar los servicios, los contenidos y las condiciones de acceso y\/o uso del mismo.<\/p>\n<h3>IV.- HIPERENLACES<\/h3>\n<p>El establecimiento de cualquier \u00abhiperenlace\u00bb entre una p\u00e1gina web y el Sitio Web estar\u00e1 sometido a las siguientes condiciones:<\/p>\n<ul>\n<li>No se permite la reproducci\u00f3n, ni total ni parcial, de ninguno de los servicios ni contenidos del Sitio Web.<\/li>\n<li>Salvo consentimiento previo y expreso, la p\u00e1gina web en la que se establezca el hiperenlace no contendr\u00e1 ninguna marca, nombre comercial, r\u00f3tulo de establecimiento, denominaci\u00f3n, logotipo, eslogan u otros signos distintivos pertenecientes al TITULAR<\/li>\n<li>Bajo ninguna circunstancia, EL TITULAR ser\u00e1 responsable de los contenidos o servicios puestos a disposici\u00f3n del p\u00fablico en la p\u00e1gina web desde la que se realice el \u00abhiperenlace\u00bb ni de las informaciones y manifestaciones incluidas en las mismas.<\/li>\n<\/ul>\n<h3>V. EXCLUSI\u00d3N DE GARANT\u00cdAS Y RESPONSABILIDAD<\/h3>\n<p>EL TITULAR no otorga ninguna garant\u00eda ni se hace responsable, en ning\u00fan caso, de los da\u00f1os y perjuicios de cualquier naturaleza que pudieran traer causa de:<\/p>\n<ul>\n<li>La falta disponibilidad, mantenimiento y efectivo funcionamiento de la Web y\/o de sus servicios o contenidos.<\/li>\n<li>La falta de utilidad, adecuaci\u00f3n o validez de la Web y\/o de sus servicios o contenidos para satisfacer necesidades, actividades o resultados concretos o expectativas de los usuarios.<\/li>\n<li>La existencia de virus, programas maliciosos o lesivos en los contenidos.<\/li>\n<li>La recepci\u00f3n, obtenci\u00f3n, almacenamiento, difusi\u00f3n o transmisi\u00f3n, por parte de los\/las usuarios\/as, de los contenidos.<\/li>\n<li>El uso il\u00edcito, negligente, fraudulento, contrario a las presentes Condiciones Generales, a la buena fe, a los usos generalmente aceptados o al orden p\u00fablico, del Sitio Web, sus servicios o contenidos, por parte de los usuarios.<\/li>\n<li>La falta de licitud, calidad, fiabilidad, utilidad y disponibilidad de los servicios prestados por terceros\/as y puestos a disposici\u00f3n de los\/las usuarios\/as en el Sitio Web.<\/li>\n<li>El incumplimiento por parte de terceros de sus obligaciones o compromisos en relaci\u00f3n con los servicios prestados a los usuarios\/as a trav\u00e9s del Sitio Web.<\/li>\n<\/ul>\n<h3>VI. DURACI\u00d3N<\/h3>\n<p>La duraci\u00f3n de la prestaci\u00f3n del servicio del Sitio Web y de los servicios es de car\u00e1cter indefinido.<br \/>Sin perjuicio de lo anterior, EL TITULAR se reserva el derecho para interrumpir, suspender o terminar la prestaci\u00f3n del servicio de la Web o de cualquiera de los servicios que lo integran, en los mismos t\u00e9rminos que se recogen en la condici\u00f3n tercera.<\/p>\n<h3>VII. LEGISLACI\u00d3N APLICABLE Y JURISDICCI\u00d3N<\/h3>\n<p>Las presentes Condiciones Generales se regir\u00e1n por la legislaci\u00f3n espa\u00f1ola.<br \/>TOMAS PERERA MELIAN y el usuario\/a, con renuncia expresa a cualquier otro fuero que pudiera corresponderles, se someten a la Jurisdicci\u00f3n de los Juzgados y Tribunales del domicilio del usuario para cuantas cuestiones pudieran suscitarse o acciones ejercitarse derivadas de la prestaci\u00f3n del servicio de la Web y de sus servicios y contenidos y sobre la interpretaci\u00f3n, aplicaci\u00f3n, cumplimiento o incumplimiento de lo aqu\u00ed establecido.<\/p>\n<p>En el supuesto de que el Usuario\/a tenga su domicilio fuera de Espa\u00f1a, TOMAS PERERA MELIAN y el Usuario\/a, con renuncia expresa a cualquier otro fuero que pudiera corresponderles, se someten a la Jurisdicci\u00f3n de los Juzgados y Tribunales de Cantiillo, el (Tacoronte)<\/p>\n<p>&nbsp;<\/p>\n<h2>3 BAJA DE COMUNICACIONES COMERCIALES<\/h2>\n<p>De conformidad con la ley de servicios de la sociedad de la informaci\u00f3n 34\/2002 se garantiza al usuario la posibilidad de dejar de recibir informaci\u00f3n comercial en un plazo m\u00e1ximo de un mes desde que comunique su voluntad mediante correo electr\u00f3nico dirigido a <a href=\"mailto:tinerfe7islas@gmail.com\">tinerfe7islas@gmail.com<\/a>;<\/p>\n<p>[\/et_pb_text][\/et_pb_column][\/et_pb_row][\/et_pb_section]<\/p>\n","protected":false},"excerpt":{"rendered":"<p>Aviso legal &nbsp; 1 LEY DE SERVICIOS DE LA SOCIEDAD DE LA INFORMACI\u00d3N Y COMERCIO ELECTR\u00d3NICO En cumplimiento de lo dispuesto en el art. 10 de la Ley 34\/2002 de 11 de julio de Servicios de la Sociedad de la Informaci\u00f3n (L.S.S.I.) , se da a conocer la siguiente Informaci\u00f3n General: Que el dominio www.tinerfe7fontaneros.com\u00a0a [&hellip;]<\/p>\n","protected":false},"author":1,"featured_media":0,"parent":0,"menu_order":0,"comment_status":"closed","ping_status":"closed","template":"","meta":{"_et_pb_use_builder":"on","_et_pb_old_content":"","_et_gb_content_width":"","footnotes":""},"class_list":["post-592","page","type-page","status-publish","hentry"],"yoast_head":"<!-- This site is optimized with the Yoast SEO plugin v23.9 - https:\/\/yoast.com\/wordpress\/plugins\/seo\/ -->\n<title>Aviso Legal - Tinerfe 7 Fontaneros<\/title>\n<meta name=\"description\" content=\"Aviso Legal - Tinerfe 7 Fontaneros. Ley de Servicios de la Sociedad de la Informaci\u00f3n. Condiciones de Uso. Baja de Comunicaciones.\" \/>\n<meta name=\"robots\" content=\"noindex, follow, max-snippet:-1, max-image-preview:large, max-video-preview:-1\" \/>\n<meta property=\"og:locale\" content=\"es_ES\" \/>\n<meta property=\"og:type\" content=\"article\" \/>\n<meta property=\"og:title\" content=\"Aviso Legal - Tinerfe 7 Fontaneros\" \/>\n<meta property=\"og:description\" content=\"Aviso Legal - Tinerfe 7 Fontaneros. Ley de Servicios de la Sociedad de la Informaci\u00f3n. Condiciones de Uso. Baja de Comunicaciones.\" \/>\n<meta property=\"og:url\" content=\"https:\/\/naughty-ishizaka.213-232-232-247.plesk.page\/index.php\/aviso-legal\/\" \/>\n<meta property=\"og:site_name\" content=\"Tinerfe 7 Fontaneros\" \/>\n<meta property=\"article:modified_time\" content=\"2024-11-22T07:34:05+00:00\" \/>\n<meta name=\"twitter:card\" content=\"summary_large_image\" \/>\n<script type=\"application\/ld+json\" class=\"yoast-schema-graph\">{\"@context\":\"https:\/\/schema.org\",\"@graph\":[{\"@type\":\"WebPage\",\"@id\":\"https:\/\/naughty-ishizaka.213-232-232-247.plesk.page\/index.php\/aviso-legal\/\",\"url\":\"https:\/\/naughty-ishizaka.213-232-232-247.plesk.page\/index.php\/aviso-legal\/\",\"name\":\"Aviso Legal - Tinerfe 7 Fontaneros\",\"isPartOf\":{\"@id\":\"https:\/\/naughty-ishizaka.213-232-232-247.plesk.page\/#website\"},\"datePublished\":\"2024-11-20T07:23:54+00:00\",\"dateModified\":\"2024-11-22T07:34:05+00:00\",\"description\":\"Aviso Legal - Tinerfe 7 Fontaneros. Ley de Servicios de la Sociedad de la Informaci\u00f3n. Condiciones de Uso. Baja de Comunicaciones.\",\"breadcrumb\":{\"@id\":\"https:\/\/naughty-ishizaka.213-232-232-247.plesk.page\/index.php\/aviso-legal\/#breadcrumb\"},\"inLanguage\":\"es\",\"potentialAction\":[{\"@type\":\"ReadAction\",\"target\":[\"https:\/\/naughty-ishizaka.213-232-232-247.plesk.page\/index.php\/aviso-legal\/\"]}]},{\"@type\":\"BreadcrumbList\",\"@id\":\"https:\/\/naughty-ishizaka.213-232-232-247.plesk.page\/index.php\/aviso-legal\/#breadcrumb\",\"itemListElement\":[{\"@type\":\"ListItem\",\"position\":1,\"name\":\"Portada\",\"item\":\"https:\/\/naughty-ishizaka.213-232-232-247.plesk.page\/\"},{\"@type\":\"ListItem\",\"position\":2,\"name\":\"Aviso Legal\"}]},{\"@type\":\"WebSite\",\"@id\":\"https:\/\/naughty-ishizaka.213-232-232-247.plesk.page\/#website\",\"url\":\"https:\/\/naughty-ishizaka.213-232-232-247.plesk.page\/\",\"name\":\"Tinerfe 7 Fontaneros\",\"description\":\"\",\"potentialAction\":[{\"@type\":\"SearchAction\",\"target\":{\"@type\":\"EntryPoint\",\"urlTemplate\":\"https:\/\/naughty-ishizaka.213-232-232-247.plesk.page\/?s={search_term_string}\"},\"query-input\":{\"@type\":\"PropertyValueSpecification\",\"valueRequired\":true,\"valueName\":\"search_term_string\"}}],\"inLanguage\":\"es\"}]}<\/script>\n<!-- \/ Yoast SEO plugin. -->","yoast_head_json":{"title":"Aviso Legal - Tinerfe 7 Fontaneros","description":"Aviso Legal - Tinerfe 7 Fontaneros. Ley de Servicios de la Sociedad de la Informaci\u00f3n. Condiciones de Uso. Baja de Comunicaciones.","robots":{"index":"noindex","follow":"follow","max-snippet":"max-snippet:-1","max-image-preview":"max-image-preview:large","max-video-preview":"max-video-preview:-1"},"og_locale":"es_ES","og_type":"article","og_title":"Aviso Legal - Tinerfe 7 Fontaneros","og_description":"Aviso Legal - Tinerfe 7 Fontaneros. Ley de Servicios de la Sociedad de la Informaci\u00f3n. Condiciones de Uso. Baja de Comunicaciones.","og_url":"https:\/\/naughty-ishizaka.213-232-232-247.plesk.page\/index.php\/aviso-legal\/","og_site_name":"Tinerfe 7 Fontaneros","article_modified_time":"2024-11-22T07:34:05+00:00","twitter_card":"summary_large_image","schema":{"@context":"https:\/\/schema.org","@graph":[{"@type":"WebPage","@id":"https:\/\/naughty-ishizaka.213-232-232-247.plesk.page\/index.php\/aviso-legal\/","url":"https:\/\/naughty-ishizaka.213-232-232-247.plesk.page\/index.php\/aviso-legal\/","name":"Aviso Legal - Tinerfe 7 Fontaneros","isPartOf":{"@id":"https:\/\/naughty-ishizaka.213-232-232-247.plesk.page\/#website"},"datePublished":"2024-11-20T07:23:54+00:00","dateModified":"2024-11-22T07:34:05+00:00","description":"Aviso Legal - Tinerfe 7 Fontaneros. Ley de Servicios de la Sociedad de la Informaci\u00f3n. Condiciones de Uso. Baja de Comunicaciones.","breadcrumb":{"@id":"https:\/\/naughty-ishizaka.213-232-232-247.plesk.page\/index.php\/aviso-legal\/#breadcrumb"},"inLanguage":"es","potentialAction":[{"@type":"ReadAction","target":["https:\/\/naughty-ishizaka.213-232-232-247.plesk.page\/index.php\/aviso-legal\/"]}]},{"@type":"BreadcrumbList","@id":"https:\/\/naughty-ishizaka.213-232-232-247.plesk.page\/index.php\/aviso-legal\/#breadcrumb","itemListElement":[{"@type":"ListItem","position":1,"name":"Portada","item":"https:\/\/naughty-ishizaka.213-232-232-247.plesk.page\/"},{"@type":"ListItem","position":2,"name":"Aviso Legal"}]},{"@type":"WebSite","@id":"https:\/\/naughty-ishizaka.213-232-232-247.plesk.page\/#website","url":"https:\/\/naughty-ishizaka.213-232-232-247.plesk.page\/","name":"Tinerfe 7 Fontaneros","description":"","potentialAction":[{"@type":"SearchAction","target":{"@type":"EntryPoint","urlTemplate":"https:\/\/naughty-ishizaka.213-232-232-247.plesk.page\/?s={search_term_string}"},"query-input":{"@type":"PropertyValueSpecification","valueRequired":true,"valueName":"search_term_string"}}],"inLanguage":"es"}]}},"_links":{"self":[{"href":"https:\/\/naughty-ishizaka.213-232-232-247.plesk.page\/index.php\/wp-json\/wp\/v2\/pages\/592","targetHints":{"allow":["GET"]}}],"collection":[{"href":"https:\/\/naughty-ishizaka.213-232-232-247.plesk.page\/index.php\/wp-json\/wp\/v2\/pages"}],"about":[{"href":"https:\/\/naughty-ishizaka.213-232-232-247.plesk.page\/index.php\/wp-json\/wp\/v2\/types\/page"}],"author":[{"embeddable":true,"href":"https:\/\/naughty-ishizaka.213-232-232-247.plesk.page\/index.php\/wp-json\/wp\/v2\/users\/1"}],"replies":[{"embeddable":true,"href":"https:\/\/naughty-ishizaka.213-232-232-247.plesk.page\/index.php\/wp-json\/wp\/v2\/comments?post=592"}],"version-history":[{"count":4,"href":"https:\/\/naughty-ishizaka.213-232-232-247.plesk.page\/index.php\/wp-json\/wp\/v2\/pages\/592\/revisions"}],"predecessor-version":[{"id":673,"href":"https:\/\/naughty-ishizaka.213-232-232-247.plesk.page\/index.php\/wp-json\/wp\/v2\/pages\/592\/revisions\/673"}],"wp:attachment":[{"href":"https:\/\/naughty-ishizaka.213-232-232-247.plesk.page\/index.php\/wp-json\/wp\/v2\/media?parent=592"}],"curies":[{"name":"wp","href":"https:\/\/api.w.org\/{rel}","templated":true}]}}