{"id":263,"date":"2024-11-18T09:41:50","date_gmt":"2024-11-18T09:41:50","guid":{"rendered":"https:\/\/naughty-ishizaka.213-232-232-247.plesk.page\/?page_id=263"},"modified":"2024-11-20T06:58:31","modified_gmt":"2024-11-20T06:58:31","slug":"reparaciones-generales","status":"publish","type":"page","link":"https:\/\/naughty-ishizaka.213-232-232-247.plesk.page\/index.php\/reparaciones-generales\/","title":{"rendered":"Reparaciones Generales"},"content":{"rendered":"<p>[et_pb_section fb_built=\u00bb1&#8243; _builder_version=\u00bb4.27.3&#8243; _module_preset=\u00bbdefault\u00bb background_image=\u00bbhttps:\/\/naughty-ishizaka.213-232-232-247.plesk.page\/wp-content\/uploads\/2024\/11\/reparaciones-generales-1.jpg\u00bb locked=\u00bboff\u00bb global_colors_info=\u00bb{}\u00bb][et_pb_row custom_padding_last_edited=\u00bbon|tablet\u00bb _builder_version=\u00bb4.27.3&#8243; _module_preset=\u00bbdefault\u00bb width=\u00bb100%\u00bb max_width=\u00bb100%\u00bb custom_margin=\u00bb50px||250px||false|false\u00bb custom_margin_tablet=\u00bb25px||125px||false|false\u00bb custom_margin_phone=\u00bb25px||125px||false|false\u00bb custom_margin_last_edited=\u00bbon|tablet\u00bb custom_padding=\u00bb|||100px|false|false\u00bb custom_padding_tablet=\u00bb|0px||0px|false|true\u00bb custom_padding_phone=\u00bb|0px||0px|false|true\u00bb locked=\u00bboff\u00bb global_colors_info=\u00bb{}\u00bb][et_pb_column type=\u00bb4_4&#8243; _builder_version=\u00bb4.27.3&#8243; _module_preset=\u00bbdefault\u00bb global_colors_info=\u00bb{}\u00bb][et_pb_text _builder_version=\u00bb4.27.3&#8243; _module_preset=\u00bbdefault\u00bb header_font=\u00bbPoppins|300|||||||\u00bb header_text_align=\u00bbcenter\u00bb header_text_color=\u00bb#FFFFFF\u00bb header_font_size=\u00bb65px\u00bb header_line_height=\u00bb1.3em\u00bb background_color=\u00bbrgba(0,0,0,0.7)\u00bb max_width=\u00bb700px\u00bb max_width_tablet=\u00bb90%\u00bb max_width_phone=\u00bb90%\u00bb max_width_last_edited=\u00bbon|phone\u00bb custom_padding=\u00bb||||false|false\u00bb animation_style=\u00bbzoom\u00bb hover_enabled=\u00bb0&#8243; header_font_size_tablet=\u00bb65px\u00bb header_font_size_phone=\u00bb38px\u00bb header_font_size_last_edited=\u00bbon|phone\u00bb module_alignment_tablet=\u00bbcenter\u00bb module_alignment_phone=\u00bbcenter\u00bb module_alignment_last_edited=\u00bbon|phone\u00bb global_colors_info=\u00bb{}\u00bb sticky_enabled=\u00bb0&#8243;]<\/p>\n<h1>REPARACIONES GENERALES<\/h1>\n<p>[\/et_pb_text][\/et_pb_column][\/et_pb_row][\/et_pb_section][et_pb_section fb_built=\u00bb1&#8243; custom_padding_last_edited=\u00bbon|tablet\u00bb _builder_version=\u00bb4.27.3&#8243; _module_preset=\u00bbdefault\u00bb custom_padding=\u00bb100px||100px||true|false\u00bb custom_padding_tablet=\u00bb50px||50px||true|false\u00bb custom_padding_phone=\u00bb50px||50px||true|false\u00bb locked=\u00bboff\u00bb global_colors_info=\u00bb{}\u00bb][et_pb_row column_structure=\u00bb1_2,1_2&#8243; _builder_version=\u00bb4.27.3&#8243; _module_preset=\u00bbdefault\u00bb animation_style=\u00bbfade\u00bb global_colors_info=\u00bb{}\u00bb][et_pb_column type=\u00bb1_2&#8243; _builder_version=\u00bb4.27.3&#8243; _module_preset=\u00bbdefault\u00bb global_colors_info=\u00bb{}\u00bb][et_pb_image src=\u00bbhttps:\/\/naughty-ishizaka.213-232-232-247.plesk.page\/wp-content\/uploads\/2024\/11\/reparaciones-generales-2.jpg\u00bb alt=\u00bbReparaciones generales\u00bb title_text=\u00bbreparaciones-generales-2&#8243; _builder_version=\u00bb4.27.3&#8243; _module_preset=\u00bbdefault\u00bb global_colors_info=\u00bb{}\u00bb][\/et_pb_image][\/et_pb_column][et_pb_column type=\u00bb1_2&#8243; _builder_version=\u00bb4.27.3&#8243; _module_preset=\u00bbdefault\u00bb global_colors_info=\u00bb{}\u00bb][et_pb_text _builder_version=\u00bb4.27.3&#8243; _module_preset=\u00bbdefault\u00bb text_font=\u00bbPoppins||||||||\u00bb text_text_color=\u00bb#333333&#8243; text_font_size=\u00bb16px\u00bb text_line_height=\u00bb2em\u00bb header_2_font=\u00bbPoppins|700|||||||\u00bb header_2_text_align=\u00bbleft\u00bb header_2_text_color=\u00bb#1469ab\u00bb header_2_line_height=\u00bb1.4em\u00bb text_orientation=\u00bbjustified\u00bb global_colors_info=\u00bb{}\u00bb]<\/p>\n<h2>SERVICIO DE REPARACIONES GENERALES<\/h2>\n<p>Realizamos <strong>reparaciones de fontaner\u00eda general<\/strong>, desde el mantenimiento de cisternas e inodoros hasta la reparaci\u00f3n de grifer\u00edas y la instalaci\u00f3n de termos. No importa la magnitud del problema, estamos aqu\u00ed para solucionarlo de manera r\u00e1pida y efectiva.<\/p>\n<ul>\n<li>Reparaci\u00f3n de cisternas y mecanismos de inodoros<\/li>\n<li>Reparaci\u00f3n e instalaci\u00f3n de grifer\u00edas<\/li>\n<li>Mantenimiento de sistemas de fontaner\u00eda en general en viviendas, y negocios<\/li>\n<\/ul>\n<p>[\/et_pb_text][\/et_pb_column][\/et_pb_row][\/et_pb_section]<\/p>\n","protected":false},"excerpt":{"rendered":"<p>REPARACIONES GENERALESSERVICIO DE REPARACIONES GENERALES Realizamos reparaciones de fontaner\u00eda general, desde el mantenimiento de cisternas e inodoros hasta la reparaci\u00f3n de grifer\u00edas y la instalaci\u00f3n de termos. No importa la magnitud del problema, estamos aqu\u00ed para solucionarlo de manera r\u00e1pida y efectiva. Reparaci\u00f3n de cisternas y mecanismos de inodoros Reparaci\u00f3n e instalaci\u00f3n de grifer\u00edas Mantenimiento [&hellip;]<\/p>\n","protected":false},"author":1,"featured_media":0,"parent":0,"menu_order":0,"comment_status":"closed","ping_status":"closed","template":"","meta":{"_et_pb_use_builder":"on","_et_pb_old_content":"","_et_gb_content_width":"","footnotes":""},"class_list":["post-263","page","type-page","status-publish","hentry"],"yoast_head":"<!-- This site is optimized with the Yoast SEO plugin v23.9 - https:\/\/yoast.com\/wordpress\/plugins\/seo\/ -->\n<title>Reparaciones Generales - Tinerfe 7 Fontaneros<\/title>\n<meta name=\"description\" content=\"Reparaciones Generales. Reparaci\u00f3n de cisternas y mecanismos de inodoros. Reparaci\u00f3n e instalaci\u00f3n de grifer\u00edas. Mantenimiento de fontaner\u00eda\" \/>\n<meta name=\"robots\" content=\"noindex, follow, max-snippet:-1, max-image-preview:large, max-video-preview:-1\" \/>\n<meta property=\"og:locale\" content=\"es_ES\" \/>\n<meta property=\"og:type\" content=\"article\" \/>\n<meta property=\"og:title\" content=\"Reparaciones Generales - Tinerfe 7 Fontaneros\" \/>\n<meta property=\"og:description\" content=\"Reparaciones Generales. Reparaci\u00f3n de cisternas y mecanismos de inodoros. Reparaci\u00f3n e instalaci\u00f3n de grifer\u00edas. Mantenimiento de fontaner\u00eda\" \/>\n<meta property=\"og:url\" content=\"https:\/\/naughty-ishizaka.213-232-232-247.plesk.page\/index.php\/reparaciones-generales\/\" \/>\n<meta property=\"og:site_name\" content=\"Tinerfe 7 Fontaneros\" \/>\n<meta property=\"article:modified_time\" content=\"2024-11-20T06:58:31+00:00\" \/>\n<meta name=\"twitter:card\" content=\"summary_large_image\" \/>\n<meta name=\"twitter:label1\" content=\"Tiempo de lectura\" \/>\n\t<meta name=\"twitter:data1\" content=\"1 minuto\" \/>\n<script type=\"application\/ld+json\" class=\"yoast-schema-graph\">{\"@context\":\"https:\/\/schema.org\",\"@graph\":[{\"@type\":\"WebPage\",\"@id\":\"https:\/\/naughty-ishizaka.213-232-232-247.plesk.page\/index.php\/reparaciones-generales\/\",\"url\":\"https:\/\/naughty-ishizaka.213-232-232-247.plesk.page\/index.php\/reparaciones-generales\/\",\"name\":\"Reparaciones Generales - Tinerfe 7 Fontaneros\",\"isPartOf\":{\"@id\":\"https:\/\/naughty-ishizaka.213-232-232-247.plesk.page\/#website\"},\"datePublished\":\"2024-11-18T09:41:50+00:00\",\"dateModified\":\"2024-11-20T06:58:31+00:00\",\"description\":\"Reparaciones Generales. Reparaci\u00f3n de cisternas y mecanismos de inodoros. Reparaci\u00f3n e instalaci\u00f3n de grifer\u00edas. Mantenimiento de fontaner\u00eda\",\"breadcrumb\":{\"@id\":\"https:\/\/naughty-ishizaka.213-232-232-247.plesk.page\/index.php\/reparaciones-generales\/#breadcrumb\"},\"inLanguage\":\"es\",\"potentialAction\":[{\"@type\":\"ReadAction\",\"target\":[\"https:\/\/naughty-ishizaka.213-232-232-247.plesk.page\/index.php\/reparaciones-generales\/\"]}]},{\"@type\":\"BreadcrumbList\",\"@id\":\"https:\/\/naughty-ishizaka.213-232-232-247.plesk.page\/index.php\/reparaciones-generales\/#breadcrumb\",\"itemListElement\":[{\"@type\":\"ListItem\",\"position\":1,\"name\":\"Portada\",\"item\":\"https:\/\/naughty-ishizaka.213-232-232-247.plesk.page\/\"},{\"@type\":\"ListItem\",\"position\":2,\"name\":\"Reparaciones Generales\"}]},{\"@type\":\"WebSite\",\"@id\":\"https:\/\/naughty-ishizaka.213-232-232-247.plesk.page\/#website\",\"url\":\"https:\/\/naughty-ishizaka.213-232-232-247.plesk.page\/\",\"name\":\"Tinerfe 7 Fontaneros\",\"description\":\"\",\"potentialAction\":[{\"@type\":\"SearchAction\",\"target\":{\"@type\":\"EntryPoint\",\"urlTemplate\":\"https:\/\/naughty-ishizaka.213-232-232-247.plesk.page\/?s={search_term_string}\"},\"query-input\":{\"@type\":\"PropertyValueSpecification\",\"valueRequired\":true,\"valueName\":\"search_term_string\"}}],\"inLanguage\":\"es\"}]}<\/script>\n<!-- \/ Yoast SEO plugin. -->","yoast_head_json":{"title":"Reparaciones Generales - Tinerfe 7 Fontaneros","description":"Reparaciones Generales. Reparaci\u00f3n de cisternas y mecanismos de inodoros. Reparaci\u00f3n e instalaci\u00f3n de grifer\u00edas. Mantenimiento de fontaner\u00eda","robots":{"index":"noindex","follow":"follow","max-snippet":"max-snippet:-1","max-image-preview":"max-image-preview:large","max-video-preview":"max-video-preview:-1"},"og_locale":"es_ES","og_type":"article","og_title":"Reparaciones Generales - Tinerfe 7 Fontaneros","og_description":"Reparaciones Generales. Reparaci\u00f3n de cisternas y mecanismos de inodoros. Reparaci\u00f3n e instalaci\u00f3n de grifer\u00edas. Mantenimiento de fontaner\u00eda","og_url":"https:\/\/naughty-ishizaka.213-232-232-247.plesk.page\/index.php\/reparaciones-generales\/","og_site_name":"Tinerfe 7 Fontaneros","article_modified_time":"2024-11-20T06:58:31+00:00","twitter_card":"summary_large_image","twitter_misc":{"Tiempo de lectura":"1 minuto"},"schema":{"@context":"https:\/\/schema.org","@graph":[{"@type":"WebPage","@id":"https:\/\/naughty-ishizaka.213-232-232-247.plesk.page\/index.php\/reparaciones-generales\/","url":"https:\/\/naughty-ishizaka.213-232-232-247.plesk.page\/index.php\/reparaciones-generales\/","name":"Reparaciones Generales - Tinerfe 7 Fontaneros","isPartOf":{"@id":"https:\/\/naughty-ishizaka.213-232-232-247.plesk.page\/#website"},"datePublished":"2024-11-18T09:41:50+00:00","dateModified":"2024-11-20T06:58:31+00:00","description":"Reparaciones Generales. Reparaci\u00f3n de cisternas y mecanismos de inodoros. Reparaci\u00f3n e instalaci\u00f3n de grifer\u00edas. Mantenimiento de fontaner\u00eda","breadcrumb":{"@id":"https:\/\/naughty-ishizaka.213-232-232-247.plesk.page\/index.php\/reparaciones-generales\/#breadcrumb"},"inLanguage":"es","potentialAction":[{"@type":"ReadAction","target":["https:\/\/naughty-ishizaka.213-232-232-247.plesk.page\/index.php\/reparaciones-generales\/"]}]},{"@type":"BreadcrumbList","@id":"https:\/\/naughty-ishizaka.213-232-232-247.plesk.page\/index.php\/reparaciones-generales\/#breadcrumb","itemListElement":[{"@type":"ListItem","position":1,"name":"Portada","item":"https:\/\/naughty-ishizaka.213-232-232-247.plesk.page\/"},{"@type":"ListItem","position":2,"name":"Reparaciones Generales"}]},{"@type":"WebSite","@id":"https:\/\/naughty-ishizaka.213-232-232-247.plesk.page\/#website","url":"https:\/\/naughty-ishizaka.213-232-232-247.plesk.page\/","name":"Tinerfe 7 Fontaneros","description":"","potentialAction":[{"@type":"SearchAction","target":{"@type":"EntryPoint","urlTemplate":"https:\/\/naughty-ishizaka.213-232-232-247.plesk.page\/?s={search_term_string}"},"query-input":{"@type":"PropertyValueSpecification","valueRequired":true,"valueName":"search_term_string"}}],"inLanguage":"es"}]}},"_links":{"self":[{"href":"https:\/\/naughty-ishizaka.213-232-232-247.plesk.page\/index.php\/wp-json\/wp\/v2\/pages\/263","targetHints":{"allow":["GET"]}}],"collection":[{"href":"https:\/\/naughty-ishizaka.213-232-232-247.plesk.page\/index.php\/wp-json\/wp\/v2\/pages"}],"about":[{"href":"https:\/\/naughty-ishizaka.213-232-232-247.plesk.page\/index.php\/wp-json\/wp\/v2\/types\/page"}],"author":[{"embeddable":true,"href":"https:\/\/naughty-ishizaka.213-232-232-247.plesk.page\/index.php\/wp-json\/wp\/v2\/users\/1"}],"replies":[{"embeddable":true,"href":"https:\/\/naughty-ishizaka.213-232-232-247.plesk.page\/index.php\/wp-json\/wp\/v2\/comments?post=263"}],"version-history":[{"count":26,"href":"https:\/\/naughty-ishizaka.213-232-232-247.plesk.page\/index.php\/wp-json\/wp\/v2\/pages\/263\/revisions"}],"predecessor-version":[{"id":579,"href":"https:\/\/naughty-ishizaka.213-232-232-247.plesk.page\/index.php\/wp-json\/wp\/v2\/pages\/263\/revisions\/579"}],"wp:attachment":[{"href":"https:\/\/naughty-ishizaka.213-232-232-247.plesk.page\/index.php\/wp-json\/wp\/v2\/media?parent=263"}],"curies":[{"name":"wp","href":"https:\/\/api.w.org\/{rel}","templated":true}]}}