{"id":259,"date":"2024-11-18T09:41:21","date_gmt":"2024-11-18T09:41:21","guid":{"rendered":"https:\/\/naughty-ishizaka.213-232-232-247.plesk.page\/?page_id=259"},"modified":"2024-11-20T06:59:01","modified_gmt":"2024-11-20T06:59:01","slug":"localizacion-de-fugas-de-agua","status":"publish","type":"page","link":"https:\/\/naughty-ishizaka.213-232-232-247.plesk.page\/index.php\/localizacion-de-fugas-de-agua\/","title":{"rendered":"Localizaci\u00f3n de Fugas de Agua"},"content":{"rendered":"<p>[et_pb_section fb_built=\u00bb1&#8243; _builder_version=\u00bb4.27.3&#8243; _module_preset=\u00bbdefault\u00bb background_image=\u00bbhttps:\/\/naughty-ishizaka.213-232-232-247.plesk.page\/wp-content\/uploads\/2024\/11\/localizacion-de-fugas-de-agua-1.jpg\u00bb locked=\u00bboff\u00bb global_colors_info=\u00bb{}\u00bb][et_pb_row custom_padding_last_edited=\u00bbon|tablet\u00bb _builder_version=\u00bb4.27.3&#8243; _module_preset=\u00bbdefault\u00bb width=\u00bb100%\u00bb max_width=\u00bb100%\u00bb custom_margin=\u00bb50px||250px||false|false\u00bb custom_margin_tablet=\u00bb25px||125px||false|false\u00bb custom_margin_phone=\u00bb25px||125px||false|false\u00bb custom_margin_last_edited=\u00bbon|tablet\u00bb custom_padding=\u00bb|||100px|false|false\u00bb custom_padding_tablet=\u00bb|0px||0px|false|true\u00bb custom_padding_phone=\u00bb|0px||0px|false|true\u00bb locked=\u00bboff\u00bb global_colors_info=\u00bb{}\u00bb][et_pb_column type=\u00bb4_4&#8243; _builder_version=\u00bb4.27.3&#8243; _module_preset=\u00bbdefault\u00bb global_colors_info=\u00bb{}\u00bb][et_pb_text _builder_version=\u00bb4.27.3&#8243; _module_preset=\u00bbdefault\u00bb header_font=\u00bbPoppins|300|||||||\u00bb header_text_align=\u00bbcenter\u00bb header_text_color=\u00bb#FFFFFF\u00bb header_font_size=\u00bb65px\u00bb header_line_height=\u00bb1.3em\u00bb background_color=\u00bbrgba(0,0,0,0.7)\u00bb max_width=\u00bb700px\u00bb max_width_tablet=\u00bb90%\u00bb max_width_phone=\u00bb90%\u00bb max_width_last_edited=\u00bbon|phone\u00bb custom_padding=\u00bb||||false|false\u00bb animation_style=\u00bbzoom\u00bb hover_enabled=\u00bb0&#8243; header_font_size_tablet=\u00bb65px\u00bb header_font_size_phone=\u00bb38px\u00bb header_font_size_last_edited=\u00bbon|phone\u00bb module_alignment_tablet=\u00bbcenter\u00bb module_alignment_phone=\u00bbcenter\u00bb module_alignment_last_edited=\u00bbon|phone\u00bb global_colors_info=\u00bb{}\u00bb sticky_enabled=\u00bb0&#8243;]<\/p>\n<h1>LOCALIZACI\u00d3N DE FUGAS DE AGUA<\/h1>\n<p>[\/et_pb_text][\/et_pb_column][\/et_pb_row][\/et_pb_section][et_pb_section fb_built=\u00bb1&#8243; custom_padding_last_edited=\u00bbon|tablet\u00bb _builder_version=\u00bb4.27.3&#8243; _module_preset=\u00bbdefault\u00bb custom_padding=\u00bb100px||100px||true|false\u00bb custom_padding_tablet=\u00bb50px||50px||true|false\u00bb custom_padding_phone=\u00bb50px||50px||true|false\u00bb locked=\u00bboff\u00bb global_colors_info=\u00bb{}\u00bb][et_pb_row column_structure=\u00bb1_2,1_2&#8243; _builder_version=\u00bb4.27.3&#8243; _module_preset=\u00bbdefault\u00bb animation_style=\u00bbfade\u00bb global_colors_info=\u00bb{}\u00bb][et_pb_column type=\u00bb1_2&#8243; _builder_version=\u00bb4.27.3&#8243; _module_preset=\u00bbdefault\u00bb global_colors_info=\u00bb{}\u00bb][et_pb_image src=\u00bbhttps:\/\/naughty-ishizaka.213-232-232-247.plesk.page\/wp-content\/uploads\/2024\/11\/localizacion-de-fugas-de-agua-2.jpg\u00bb alt=\u00bbLocalizaci\u00f3n de fugas\u00bb title_text=\u00bblocalizacion-de-fugas-de-agua-2&#8243; _builder_version=\u00bb4.27.3&#8243; _module_preset=\u00bbdefault\u00bb global_colors_info=\u00bb{}\u00bb][\/et_pb_image][\/et_pb_column][et_pb_column type=\u00bb1_2&#8243; _builder_version=\u00bb4.27.3&#8243; _module_preset=\u00bbdefault\u00bb global_colors_info=\u00bb{}\u00bb][et_pb_text _builder_version=\u00bb4.27.3&#8243; _module_preset=\u00bbdefault\u00bb text_font=\u00bbPoppins||||||||\u00bb text_text_color=\u00bb#333333&#8243; text_font_size=\u00bb16px\u00bb text_line_height=\u00bb2em\u00bb header_2_font=\u00bbPoppins|700|||||||\u00bb header_2_text_align=\u00bbleft\u00bb header_2_text_color=\u00bb#1469ab\u00bb header_2_line_height=\u00bb1.4em\u00bb text_orientation=\u00bbjustified\u00bb global_colors_info=\u00bb{}\u00bb]<\/p>\n<h2 style=\"background-color: #ffffff;\">SERVICIO DE LOCALIZACI\u00d3N DE FUGAS DE AGUA<\/h2>\n<p>Especialistas en la <strong>localizaci\u00f3n de fugas<\/strong> de agua. Utilizamos tecnolog\u00eda avanzada para detectar fugas en cualquier tipo de superficie: viviendas, patios, jardines o sistemas de fontaner\u00eda interiores. Nuestro equipo altamente capacitado detecta y repara fugas de forma r\u00e1pida y eficiente, evitando da\u00f1os mayores en tu propiedad.<\/p>\n<ul>\n<li>Servicio 24 horas<\/li>\n<li>Fugas en viviendas, patios, jardines, etc.<\/li>\n<li>Localizaci\u00f3n de fugas sin necesidad de obras invasivas<\/li>\n<\/ul>\n<p>[\/et_pb_text][\/et_pb_column][\/et_pb_row][\/et_pb_section]<\/p>\n","protected":false},"excerpt":{"rendered":"<p>LOCALIZACI\u00d3N DE FUGAS DE AGUASERVICIO DE LOCALIZACI\u00d3N DE FUGAS DE AGUA Especialistas en la localizaci\u00f3n de fugas de agua. Utilizamos tecnolog\u00eda avanzada para detectar fugas en cualquier tipo de superficie: viviendas, patios, jardines o sistemas de fontaner\u00eda interiores. Nuestro equipo altamente capacitado detecta y repara fugas de forma r\u00e1pida y eficiente, evitando da\u00f1os mayores en [&hellip;]<\/p>\n","protected":false},"author":1,"featured_media":0,"parent":0,"menu_order":0,"comment_status":"closed","ping_status":"closed","template":"","meta":{"_et_pb_use_builder":"on","_et_pb_old_content":"","_et_gb_content_width":"","footnotes":""},"class_list":["post-259","page","type-page","status-publish","hentry"],"yoast_head":"<!-- This site is optimized with the Yoast SEO plugin v23.9 - https:\/\/yoast.com\/wordpress\/plugins\/seo\/ -->\n<title>Localizaci\u00f3n de Fugas de Agua - Tinerfe 7 Fontaneros<\/title>\n<meta name=\"description\" content=\"Localizaci\u00f3n de Fugas de Agua. Localizaci\u00f3n de fugas en viviendas, patios, jardines, etc. sin necesidad de obras invasivas. Reparaci\u00f3n r\u00e1pida\" \/>\n<meta name=\"robots\" content=\"noindex, follow, max-snippet:-1, max-image-preview:large, max-video-preview:-1\" \/>\n<meta property=\"og:locale\" content=\"es_ES\" \/>\n<meta property=\"og:type\" content=\"article\" \/>\n<meta property=\"og:title\" content=\"Localizaci\u00f3n de Fugas de Agua - Tinerfe 7 Fontaneros\" \/>\n<meta property=\"og:description\" content=\"Localizaci\u00f3n de Fugas de Agua. Localizaci\u00f3n de fugas en viviendas, patios, jardines, etc. sin necesidad de obras invasivas. Reparaci\u00f3n r\u00e1pida\" \/>\n<meta property=\"og:url\" content=\"https:\/\/naughty-ishizaka.213-232-232-247.plesk.page\/index.php\/localizacion-de-fugas-de-agua\/\" \/>\n<meta property=\"og:site_name\" content=\"Tinerfe 7 Fontaneros\" \/>\n<meta property=\"article:modified_time\" content=\"2024-11-20T06:59:01+00:00\" \/>\n<meta name=\"twitter:card\" content=\"summary_large_image\" \/>\n<meta name=\"twitter:label1\" content=\"Tiempo de lectura\" \/>\n\t<meta name=\"twitter:data1\" content=\"1 minuto\" \/>\n<script type=\"application\/ld+json\" class=\"yoast-schema-graph\">{\"@context\":\"https:\/\/schema.org\",\"@graph\":[{\"@type\":\"WebPage\",\"@id\":\"https:\/\/naughty-ishizaka.213-232-232-247.plesk.page\/index.php\/localizacion-de-fugas-de-agua\/\",\"url\":\"https:\/\/naughty-ishizaka.213-232-232-247.plesk.page\/index.php\/localizacion-de-fugas-de-agua\/\",\"name\":\"Localizaci\u00f3n de Fugas de Agua - Tinerfe 7 Fontaneros\",\"isPartOf\":{\"@id\":\"https:\/\/naughty-ishizaka.213-232-232-247.plesk.page\/#website\"},\"datePublished\":\"2024-11-18T09:41:21+00:00\",\"dateModified\":\"2024-11-20T06:59:01+00:00\",\"description\":\"Localizaci\u00f3n de Fugas de Agua. Localizaci\u00f3n de fugas en viviendas, patios, jardines, etc. sin necesidad de obras invasivas. Reparaci\u00f3n r\u00e1pida\",\"breadcrumb\":{\"@id\":\"https:\/\/naughty-ishizaka.213-232-232-247.plesk.page\/index.php\/localizacion-de-fugas-de-agua\/#breadcrumb\"},\"inLanguage\":\"es\",\"potentialAction\":[{\"@type\":\"ReadAction\",\"target\":[\"https:\/\/naughty-ishizaka.213-232-232-247.plesk.page\/index.php\/localizacion-de-fugas-de-agua\/\"]}]},{\"@type\":\"BreadcrumbList\",\"@id\":\"https:\/\/naughty-ishizaka.213-232-232-247.plesk.page\/index.php\/localizacion-de-fugas-de-agua\/#breadcrumb\",\"itemListElement\":[{\"@type\":\"ListItem\",\"position\":1,\"name\":\"Portada\",\"item\":\"https:\/\/naughty-ishizaka.213-232-232-247.plesk.page\/\"},{\"@type\":\"ListItem\",\"position\":2,\"name\":\"Localizaci\u00f3n de Fugas de Agua\"}]},{\"@type\":\"WebSite\",\"@id\":\"https:\/\/naughty-ishizaka.213-232-232-247.plesk.page\/#website\",\"url\":\"https:\/\/naughty-ishizaka.213-232-232-247.plesk.page\/\",\"name\":\"Tinerfe 7 Fontaneros\",\"description\":\"\",\"potentialAction\":[{\"@type\":\"SearchAction\",\"target\":{\"@type\":\"EntryPoint\",\"urlTemplate\":\"https:\/\/naughty-ishizaka.213-232-232-247.plesk.page\/?s={search_term_string}\"},\"query-input\":{\"@type\":\"PropertyValueSpecification\",\"valueRequired\":true,\"valueName\":\"search_term_string\"}}],\"inLanguage\":\"es\"}]}<\/script>\n<!-- \/ Yoast SEO plugin. -->","yoast_head_json":{"title":"Localizaci\u00f3n de Fugas de Agua - Tinerfe 7 Fontaneros","description":"Localizaci\u00f3n de Fugas de Agua. Localizaci\u00f3n de fugas en viviendas, patios, jardines, etc. sin necesidad de obras invasivas. Reparaci\u00f3n r\u00e1pida","robots":{"index":"noindex","follow":"follow","max-snippet":"max-snippet:-1","max-image-preview":"max-image-preview:large","max-video-preview":"max-video-preview:-1"},"og_locale":"es_ES","og_type":"article","og_title":"Localizaci\u00f3n de Fugas de Agua - Tinerfe 7 Fontaneros","og_description":"Localizaci\u00f3n de Fugas de Agua. Localizaci\u00f3n de fugas en viviendas, patios, jardines, etc. sin necesidad de obras invasivas. Reparaci\u00f3n r\u00e1pida","og_url":"https:\/\/naughty-ishizaka.213-232-232-247.plesk.page\/index.php\/localizacion-de-fugas-de-agua\/","og_site_name":"Tinerfe 7 Fontaneros","article_modified_time":"2024-11-20T06:59:01+00:00","twitter_card":"summary_large_image","twitter_misc":{"Tiempo de lectura":"1 minuto"},"schema":{"@context":"https:\/\/schema.org","@graph":[{"@type":"WebPage","@id":"https:\/\/naughty-ishizaka.213-232-232-247.plesk.page\/index.php\/localizacion-de-fugas-de-agua\/","url":"https:\/\/naughty-ishizaka.213-232-232-247.plesk.page\/index.php\/localizacion-de-fugas-de-agua\/","name":"Localizaci\u00f3n de Fugas de Agua - Tinerfe 7 Fontaneros","isPartOf":{"@id":"https:\/\/naughty-ishizaka.213-232-232-247.plesk.page\/#website"},"datePublished":"2024-11-18T09:41:21+00:00","dateModified":"2024-11-20T06:59:01+00:00","description":"Localizaci\u00f3n de Fugas de Agua. Localizaci\u00f3n de fugas en viviendas, patios, jardines, etc. sin necesidad de obras invasivas. Reparaci\u00f3n r\u00e1pida","breadcrumb":{"@id":"https:\/\/naughty-ishizaka.213-232-232-247.plesk.page\/index.php\/localizacion-de-fugas-de-agua\/#breadcrumb"},"inLanguage":"es","potentialAction":[{"@type":"ReadAction","target":["https:\/\/naughty-ishizaka.213-232-232-247.plesk.page\/index.php\/localizacion-de-fugas-de-agua\/"]}]},{"@type":"BreadcrumbList","@id":"https:\/\/naughty-ishizaka.213-232-232-247.plesk.page\/index.php\/localizacion-de-fugas-de-agua\/#breadcrumb","itemListElement":[{"@type":"ListItem","position":1,"name":"Portada","item":"https:\/\/naughty-ishizaka.213-232-232-247.plesk.page\/"},{"@type":"ListItem","position":2,"name":"Localizaci\u00f3n de Fugas de Agua"}]},{"@type":"WebSite","@id":"https:\/\/naughty-ishizaka.213-232-232-247.plesk.page\/#website","url":"https:\/\/naughty-ishizaka.213-232-232-247.plesk.page\/","name":"Tinerfe 7 Fontaneros","description":"","potentialAction":[{"@type":"SearchAction","target":{"@type":"EntryPoint","urlTemplate":"https:\/\/naughty-ishizaka.213-232-232-247.plesk.page\/?s={search_term_string}"},"query-input":{"@type":"PropertyValueSpecification","valueRequired":true,"valueName":"search_term_string"}}],"inLanguage":"es"}]}},"_links":{"self":[{"href":"https:\/\/naughty-ishizaka.213-232-232-247.plesk.page\/index.php\/wp-json\/wp\/v2\/pages\/259","targetHints":{"allow":["GET"]}}],"collection":[{"href":"https:\/\/naughty-ishizaka.213-232-232-247.plesk.page\/index.php\/wp-json\/wp\/v2\/pages"}],"about":[{"href":"https:\/\/naughty-ishizaka.213-232-232-247.plesk.page\/index.php\/wp-json\/wp\/v2\/types\/page"}],"author":[{"embeddable":true,"href":"https:\/\/naughty-ishizaka.213-232-232-247.plesk.page\/index.php\/wp-json\/wp\/v2\/users\/1"}],"replies":[{"embeddable":true,"href":"https:\/\/naughty-ishizaka.213-232-232-247.plesk.page\/index.php\/wp-json\/wp\/v2\/comments?post=259"}],"version-history":[{"count":34,"href":"https:\/\/naughty-ishizaka.213-232-232-247.plesk.page\/index.php\/wp-json\/wp\/v2\/pages\/259\/revisions"}],"predecessor-version":[{"id":580,"href":"https:\/\/naughty-ishizaka.213-232-232-247.plesk.page\/index.php\/wp-json\/wp\/v2\/pages\/259\/revisions\/580"}],"wp:attachment":[{"href":"https:\/\/naughty-ishizaka.213-232-232-247.plesk.page\/index.php\/wp-json\/wp\/v2\/media?parent=259"}],"curies":[{"name":"wp","href":"https:\/\/api.w.org\/{rel}","templated":true}]}}